{"id":150,"date":"2022-08-17T20:58:37","date_gmt":"2022-08-17T18:58:37","guid":{"rendered":"http:\/\/doggysport85.com\/?page_id=150"},"modified":"2025-11-29T07:45:04","modified_gmt":"2025-11-29T06:45:04","slug":"cani-trotinette","status":"publish","type":"page","link":"https:\/\/doggysport85.com\/index.php\/activites\/cani-trotinette\/","title":{"rendered":"Cani Trottinette"},"content":{"rendered":"\t\t<div data-elementor-type=\"wp-page\" data-elementor-id=\"150\" class=\"elementor elementor-150\">\n\t\t\t\t<div class=\"elementor-element elementor-element-74caf438 e-flex e-con-boxed e-con e-parent\" data-id=\"74caf438\" data-element_type=\"container\">\n\t\t\t\t\t<div class=\"e-con-inner\">\n\t\t\t\t<div class=\"elementor-element elementor-element-4bcbd85c elementor-widget elementor-widget-text-editor\" data-id=\"4bcbd85c\" data-element_type=\"widget\" data-widget_type=\"text-editor.default\">\n\t\t\t\t\t\t\t\t\t<figure>\n<p><strong>Activit\u00e9 accessible \u00e0 partir de 12 ans<\/strong>, il suffit d\u2019aimer trottiner! <strong>Cette activit\u00e9 n\u00e9cessite d&rsquo;\u00eatre \u00e0 l&rsquo;aise \u00e0 la conduite d&rsquo;une trottinette.<\/strong><\/p>\n<p>Venez vous essayer \u00e0 la conduite d&rsquo;une trottinette de cross \u00e9quip\u00e9e de puissants freins \u00e0 disques avec un chien attel\u00e9, apr\u00e8s avoir re\u00e7u la formation th\u00e9orique de base indispensable concernant la s\u00e9curit\u00e9 et l&rsquo;encadrement du chien durant la s\u00e9ance (30 min)<\/p>\n<p>Une fois \u00e9quip\u00e9 (mat\u00e9riels fournis: casques, gants, lunettes), c\u2019est le moment de profiter de nouvelles sensations et de partager un moment de complicit\u00e9 avec le\u00a0chien\u00a0tout en profitant des plaisirs du grand air.<\/p>\n<p><strong style=\"color: #0a0000;\">\u2139\ufe0f\u00a0<\/strong><strong>CANI TROTTINETTE\u00a0 \u00a0 \u00a02H\u00a0 \u00a0 \u00a0 \u00a0 \u00a0 \u00a0 \u00a0 55\u20ac\/PERSONNE<\/strong><\/p>\n<p><em>N\u00e9cessite de bonnes chaussures de sport, tenue de sport d\u00e9contract\u00e9e, un sac \u00e0 dos avec gourde d\u2019eau<\/em><\/p>\n<p>Vous ferez tout d\u2019abord connaissance avec la meute, apprendrez \u00e0 harnacher votre compagnon du jour et recevrez les consignes de s\u00e9curit\u00e9 pour guider votre chien. Vous profiterez de cette balade pour en savoir plus sur les chiens de traineaux gr\u00e2ce \u00e0 votre guide. Vous regagnerez ensuite les chenils o\u00f9 vous pourrez alors apprendre \u00e0 d\u00e9teler votre chien, le r\u00e9compenser et le soigner.<\/p>\n<\/figure>\n<p><!-- \/wp:image --><!-- wp:image {\"id\":445,\"sizeSlug\":\"large\",\"linkDestination\":\"none\",\"align\":\"center\"} --><\/p>\n<figure><\/figure>\n<p><!-- \/wp:image --><!-- wp:image {\"id\":290,\"sizeSlug\":\"large\",\"linkDestination\":\"none\",\"align\":\"center\"} --><\/p>\n<figure><\/figure>\n<p><!-- \/wp:image --><\/p>\t\t\t\t\t\t\t\t<\/div>\n\t\t\t\t<div class=\"elementor-element elementor-element-116054b elementor-arrows-position-outside elementor-pagination-position-outside elementor-widget elementor-widget-image-carousel\" data-id=\"116054b\" data-element_type=\"widget\" data-settings=\"{&quot;image_spacing_custom&quot;:{&quot;unit&quot;:&quot;px&quot;,&quot;size&quot;:12,&quot;sizes&quot;:[]},&quot;slides_to_show&quot;:&quot;2&quot;,&quot;navigation&quot;:&quot;both&quot;,&quot;autoplay&quot;:&quot;yes&quot;,&quot;pause_on_hover&quot;:&quot;yes&quot;,&quot;pause_on_interaction&quot;:&quot;yes&quot;,&quot;autoplay_speed&quot;:5000,&quot;infinite&quot;:&quot;yes&quot;,&quot;speed&quot;:500,&quot;image_spacing_custom_tablet&quot;:{&quot;unit&quot;:&quot;px&quot;,&quot;size&quot;:&quot;&quot;,&quot;sizes&quot;:[]},&quot;image_spacing_custom_mobile&quot;:{&quot;unit&quot;:&quot;px&quot;,&quot;size&quot;:&quot;&quot;,&quot;sizes&quot;:[]}}\" data-widget_type=\"image-carousel.default\">\n\t\t\t\t\t\t\t<div class=\"elementor-image-carousel-wrapper swiper\" role=\"region\" aria-roledescription=\"carousel\" aria-label=\"Carrousel d\u2019images\" dir=\"ltr\">\n\t\t\t<div class=\"elementor-image-carousel swiper-wrapper\" aria-live=\"off\">\n\t\t\t\t\t\t\t\t<div class=\"swiper-slide\" role=\"group\" aria-roledescription=\"slide\" aria-label=\"1 sur 6\"><figure class=\"swiper-slide-inner\"><img decoding=\"async\" class=\"swiper-slide-image\" src=\"https:\/\/doggysport85.com\/wp-content\/uploads\/2025\/11\/Videoframe_20220626_133208_com.huawei.himovie.overseas-576x1024.jpg\" alt=\"Videoframe_20220626_133208_com.huawei.himovie.overseas\" \/><\/figure><\/div><div class=\"swiper-slide\" role=\"group\" aria-roledescription=\"slide\" aria-label=\"2 sur 6\"><figure class=\"swiper-slide-inner\"><img decoding=\"async\" class=\"swiper-slide-image\" src=\"https:\/\/doggysport85.com\/wp-content\/uploads\/2025\/11\/DSC_0013-1024x683.jpg\" alt=\"DSC_0013\" \/><\/figure><\/div><div class=\"swiper-slide\" role=\"group\" aria-roledescription=\"slide\" aria-label=\"3 sur 6\"><figure class=\"swiper-slide-inner\"><img decoding=\"async\" class=\"swiper-slide-image\" src=\"https:\/\/doggysport85.com\/wp-content\/uploads\/2025\/11\/canibosse5-680x1024.jpg\" alt=\"canibosse5\" \/><\/figure><\/div><div class=\"swiper-slide\" role=\"group\" aria-roledescription=\"slide\" aria-label=\"4 sur 6\"><figure class=\"swiper-slide-inner\"><img decoding=\"async\" class=\"swiper-slide-image\" src=\"https:\/\/doggysport85.com\/wp-content\/uploads\/2022\/08\/Picsart_22-08-24_11-40-02-192-1-768x1024.jpg\" alt=\"Picsart_22-08-24_11-40-02-192-1\" \/><\/figure><\/div><div class=\"swiper-slide\" role=\"group\" aria-roledescription=\"slide\" aria-label=\"5 sur 6\"><figure class=\"swiper-slide-inner\"><img decoding=\"async\" class=\"swiper-slide-image\" src=\"https:\/\/doggysport85.com\/wp-content\/uploads\/2022\/08\/IMG_20220411_084239_01-1-768x1024.jpg\" alt=\"IMG_20220411_084239_01-1\" \/><\/figure><\/div><div class=\"swiper-slide\" role=\"group\" aria-roledescription=\"slide\" aria-label=\"6 sur 6\"><figure class=\"swiper-slide-inner\"><img decoding=\"async\" class=\"swiper-slide-image\" src=\"https:\/\/doggysport85.com\/wp-content\/uploads\/2022\/08\/FB_IMG_1639984021152-683x1024.jpg\" alt=\"FB_IMG_1639984021152\" \/><\/figure><\/div>\t\t\t<\/div>\n\t\t\t\t\t\t\t\t\t\t\t\t<div class=\"elementor-swiper-button elementor-swiper-button-prev\" role=\"button\" tabindex=\"0\">\n\t\t\t\t\t\t<svg aria-hidden=\"true\" class=\"e-font-icon-svg e-eicon-chevron-left\" viewBox=\"0 0 1000 1000\" xmlns=\"http:\/\/www.w3.org\/2000\/svg\"><path d=\"M646 125C629 125 613 133 604 142L308 442C296 454 292 471 292 487 292 504 296 521 308 533L604 854C617 867 629 875 646 875 663 875 679 871 692 858 704 846 713 829 713 812 713 796 708 779 692 767L438 487 692 225C700 217 708 204 708 187 708 171 704 154 692 142 675 129 663 125 646 125Z\"><\/path><\/svg>\t\t\t\t\t<\/div>\n\t\t\t\t\t<div class=\"elementor-swiper-button elementor-swiper-button-next\" role=\"button\" tabindex=\"0\">\n\t\t\t\t\t\t<svg aria-hidden=\"true\" class=\"e-font-icon-svg e-eicon-chevron-right\" viewBox=\"0 0 1000 1000\" xmlns=\"http:\/\/www.w3.org\/2000\/svg\"><path d=\"M696 533C708 521 713 504 713 487 713 471 708 454 696 446L400 146C388 133 375 125 354 125 338 125 325 129 313 142 300 154 292 171 292 187 292 204 296 221 308 233L563 492 304 771C292 783 288 800 288 817 288 833 296 850 308 863 321 871 338 875 354 875 371 875 388 867 400 854L696 533Z\"><\/path><\/svg>\t\t\t\t\t<\/div>\n\t\t\t\t\n\t\t\t\t\t\t\t\t\t<div class=\"swiper-pagination\"><\/div>\n\t\t\t\t\t\t\t\t\t<\/div>\n\t\t\t\t\t\t<\/div>\n\t\t\t\t\t<\/div>\n\t\t\t\t<\/div>\n\t\t\t\t<\/div>\n\t\t","protected":false},"excerpt":{"rendered":"<p>Activit\u00e9 accessible \u00e0 partir de 12 ans, il suffit d\u2019aimer trottiner! Cette activit\u00e9 n\u00e9cessite d&rsquo;\u00eatre \u00e0 l&rsquo;aise \u00e0 la conduite d&rsquo;une trottinette. Venez vous essayer \u00e0 la conduite d&rsquo;une trottinette de cross \u00e9quip\u00e9e de puissants freins \u00e0 disques avec un chien attel\u00e9, apr\u00e8s avoir re\u00e7u la formation th\u00e9orique de base indispensable concernant la s\u00e9curit\u00e9 et&#8230;<\/p>\n","protected":false},"author":1,"featured_media":0,"parent":51,"menu_order":0,"comment_status":"closed","ping_status":"closed","template":"","meta":{"_kadence_starter_templates_imported_post":false,"_kad_post_transparent":"","_kad_post_title":"","_kad_post_layout":"","_kad_post_sidebar_id":"","_kad_post_content_style":"","_kad_post_vertical_padding":"","_kad_post_feature":"","_kad_post_feature_position":"","_kad_post_header":false,"_kad_post_footer":false,"_kad_post_classname":"","footnotes":""},"class_list":["post-150","page","type-page","status-publish","hentry"],"_links":{"self":[{"href":"https:\/\/doggysport85.com\/index.php\/wp-json\/wp\/v2\/pages\/150","targetHints":{"allow":["GET"]}}],"collection":[{"href":"https:\/\/doggysport85.com\/index.php\/wp-json\/wp\/v2\/pages"}],"about":[{"href":"https:\/\/doggysport85.com\/index.php\/wp-json\/wp\/v2\/types\/page"}],"author":[{"embeddable":true,"href":"https:\/\/doggysport85.com\/index.php\/wp-json\/wp\/v2\/users\/1"}],"replies":[{"embeddable":true,"href":"https:\/\/doggysport85.com\/index.php\/wp-json\/wp\/v2\/comments?post=150"}],"version-history":[{"count":24,"href":"https:\/\/doggysport85.com\/index.php\/wp-json\/wp\/v2\/pages\/150\/revisions"}],"predecessor-version":[{"id":1125,"href":"https:\/\/doggysport85.com\/index.php\/wp-json\/wp\/v2\/pages\/150\/revisions\/1125"}],"up":[{"embeddable":true,"href":"https:\/\/doggysport85.com\/index.php\/wp-json\/wp\/v2\/pages\/51"}],"wp:attachment":[{"href":"https:\/\/doggysport85.com\/index.php\/wp-json\/wp\/v2\/media?parent=150"}],"curies":[{"name":"wp","href":"https:\/\/api.w.org\/{rel}","templated":true}]}}