{"id":408,"date":"2023-01-24T16:51:21","date_gmt":"2023-01-24T15:51:21","guid":{"rendered":"https:\/\/doggysport85.com\/?page_id=408"},"modified":"2026-01-08T14:43:47","modified_gmt":"2026-01-08T13:43:47","slug":"baptemes-neige-en-chiens-de-traineau","status":"publish","type":"page","link":"https:\/\/doggysport85.com\/index.php\/baptemes-neige-en-chiens-de-traineau\/","title":{"rendered":"ACTIVITES NEIGE PYRENEES"},"content":{"rendered":"\t\t<div data-elementor-type=\"wp-page\" data-elementor-id=\"408\" class=\"elementor elementor-408\">\n\t\t\t\t<div class=\"elementor-element elementor-element-3031e58 e-flex e-con-boxed e-con e-parent\" data-id=\"3031e58\" data-element_type=\"container\">\n\t\t\t\t\t<div class=\"e-con-inner\">\n\t\t\t\t<div class=\"elementor-element elementor-element-1666f52 elementor-widget elementor-widget-text-editor\" data-id=\"1666f52\" data-element_type=\"widget\" data-widget_type=\"text-editor.default\">\n\t\t\t\t\t\t\t\t\t<p>Nous nous d\u00e9pla\u00e7ons en montagne pour assurer des bapt\u00eames sur neige. L\u00e0-bas, petits et grands peuvent se faire porter par les chiens de tra\u00eeneau et profiter pleinement des paysages enneig\u00e9s!!!<br \/>Nous sommes durant les <strong>vacances de Noel &amp; F\u00e9vrier \u00e0 la station de ski de Camurac (Pyr\u00e9n\u00e9es Audoises)<\/strong> et vous proposons sur le domaine:<\/p><ul><li><strong>Cani Randonn\u00e9e jour et nocturne<\/strong><\/li><li><strong>Bapt\u00eame de Cani Kart (terre) \/ tra\u00eeneau (neige)<\/strong><\/li><\/ul><p><span style=\"text-decoration: underline;\">Pour r\u00e9server votre sortie = Merci de nous contacter directement par sms\/t\u00e9l\u00e9phone.<\/span><\/p>\t\t\t\t\t\t\t\t<\/div>\n\t\t\t\t\t<\/div>\n\t\t\t\t<\/div>\n\t\t<div class=\"elementor-element elementor-element-12e34c35 e-flex e-con-boxed e-con e-parent\" data-id=\"12e34c35\" data-element_type=\"container\">\n\t\t\t\t\t<div class=\"e-con-inner\">\n\t\t<div class=\"elementor-element elementor-element-1ebc7a7 e-grid e-con-full e-con e-child\" data-id=\"1ebc7a7\" data-element_type=\"container\">\n\t\t\t\t<div class=\"elementor-element elementor-element-bbf7396 elementor-invisible elementor-widget elementor-widget-heading\" data-id=\"bbf7396\" data-element_type=\"widget\" data-settings=\"{&quot;_animation&quot;:&quot;zoomInUp&quot;}\" data-widget_type=\"heading.default\">\n\t\t\t\t\t<h2 class=\"elementor-heading-title elementor-size-default\">BAPTEME TRAINEAU\n<\/h2>\t\t\t\t<\/div>\n\t\t\t\t<div class=\"elementor-element elementor-element-01554b7 elementor-invisible elementor-widget elementor-widget-heading\" data-id=\"01554b7\" data-element_type=\"widget\" data-settings=\"{&quot;_animation&quot;:&quot;zoomIn&quot;}\" data-widget_type=\"heading.default\">\n\t\t\t\t\t<h2 class=\"elementor-heading-title elementor-size-default\">S\u00e9ance environ 50min dont 20\/25 min transport\u00e9<\/h2>\t\t\t\t<\/div>\n\t\t\t\t<div class=\"elementor-element elementor-element-9ee83be elementor-invisible elementor-widget elementor-widget-heading\" data-id=\"9ee83be\" data-element_type=\"widget\" data-settings=\"{&quot;_animation&quot;:&quot;zoomIn&quot;}\" data-widget_type=\"heading.default\">\n\t\t\t\t\t<h2 class=\"elementor-heading-title elementor-size-default\">Adulte 60\u20ac Enfant 3-10 ans 40\u20ac pers seule 100\u20ac<\/h2>\t\t\t\t<\/div>\n\t\t\t\t<div class=\"elementor-element elementor-element-7e8ca31 elementor-invisible elementor-widget elementor-widget-heading\" data-id=\"7e8ca31\" data-element_type=\"widget\" data-settings=\"{&quot;_animation&quot;:&quot;zoomInUp&quot;}\" data-widget_type=\"heading.default\">\n\t\t\t\t\t<h2 class=\"elementor-heading-title elementor-size-default\">CANI RANDONNE NEIGE JOUR\n<\/h2>\t\t\t\t<\/div>\n\t\t\t\t<div class=\"elementor-element elementor-element-d82dd40 elementor-invisible elementor-widget elementor-widget-heading\" data-id=\"d82dd40\" data-element_type=\"widget\" data-settings=\"{&quot;_animation&quot;:&quot;zoomIn&quot;}\" data-widget_type=\"heading.default\">\n\t\t\t\t\t<h2 class=\"elementor-heading-title elementor-size-default\">S\u00e9ance environ 1h30 dont 50 min de marche<\/h2>\t\t\t\t<\/div>\n\t\t\t\t<div class=\"elementor-element elementor-element-fe702fb elementor-invisible elementor-widget elementor-widget-heading\" data-id=\"fe702fb\" data-element_type=\"widget\" data-settings=\"{&quot;_animation&quot;:&quot;zoomIn&quot;}\" data-widget_type=\"heading.default\">\n\t\t\t\t\t<h2 class=\"elementor-heading-title elementor-size-default\">Adulte 40\u20ac Enfant 6-10 ans 30\u20ac<\/h2>\t\t\t\t<\/div>\n\t\t\t\t<div class=\"elementor-element elementor-element-d9c53ef elementor-invisible elementor-widget elementor-widget-heading\" data-id=\"d9c53ef\" data-element_type=\"widget\" data-settings=\"{&quot;_animation&quot;:&quot;zoomInUp&quot;}\" data-widget_type=\"heading.default\">\n\t\t\t\t\t<h2 class=\"elementor-heading-title elementor-size-default\">CANI RANDONNE NEIGE NOCTURNE\n<\/h2>\t\t\t\t<\/div>\n\t\t\t\t<div class=\"elementor-element elementor-element-5c057ee elementor-invisible elementor-widget elementor-widget-heading\" data-id=\"5c057ee\" data-element_type=\"widget\" data-settings=\"{&quot;_animation&quot;:&quot;zoomIn&quot;}\" data-widget_type=\"heading.default\">\n\t\t\t\t\t<h2 class=\"elementor-heading-title elementor-size-default\">S\u00e9ance environ 2H dont 1H15 de marche (lampes frontales + boissons chaudes inclues)<\/h2>\t\t\t\t<\/div>\n\t\t\t\t<div class=\"elementor-element elementor-element-8fe3f13 elementor-invisible elementor-widget elementor-widget-heading\" data-id=\"8fe3f13\" data-element_type=\"widget\" data-settings=\"{&quot;_animation&quot;:&quot;zoomIn&quot;}\" data-widget_type=\"heading.default\">\n\t\t\t\t\t<h2 class=\"elementor-heading-title elementor-size-default\">Adulte 50\u20ac Enfant 6-10 ans 40\u20ac<\/h2>\t\t\t\t<\/div>\n\t\t\t\t<\/div>\n\t\t\t\t<div class=\"elementor-element elementor-element-bfbafd1 elementor-arrows-position-outside elementor-pagination-position-outside elementor-widget elementor-widget-image-carousel\" data-id=\"bfbafd1\" data-element_type=\"widget\" data-settings=\"{&quot;image_spacing_custom&quot;:{&quot;unit&quot;:&quot;px&quot;,&quot;size&quot;:14,&quot;sizes&quot;:[]},&quot;slides_to_show&quot;:&quot;2&quot;,&quot;navigation&quot;:&quot;both&quot;,&quot;autoplay&quot;:&quot;yes&quot;,&quot;pause_on_hover&quot;:&quot;yes&quot;,&quot;pause_on_interaction&quot;:&quot;yes&quot;,&quot;autoplay_speed&quot;:5000,&quot;infinite&quot;:&quot;yes&quot;,&quot;speed&quot;:500,&quot;image_spacing_custom_tablet&quot;:{&quot;unit&quot;:&quot;px&quot;,&quot;size&quot;:&quot;&quot;,&quot;sizes&quot;:[]},&quot;image_spacing_custom_mobile&quot;:{&quot;unit&quot;:&quot;px&quot;,&quot;size&quot;:&quot;&quot;,&quot;sizes&quot;:[]}}\" data-widget_type=\"image-carousel.default\">\n\t\t\t\t\t\t\t<div class=\"elementor-image-carousel-wrapper swiper\" role=\"region\" aria-roledescription=\"carousel\" aria-label=\"Carrousel d\u2019images\" dir=\"ltr\">\n\t\t\t<div class=\"elementor-image-carousel swiper-wrapper\" aria-live=\"off\">\n\t\t\t\t\t\t\t\t<div class=\"swiper-slide\" role=\"group\" aria-roledescription=\"slide\" aria-label=\"1 sur 9\"><figure class=\"swiper-slide-inner\"><img decoding=\"async\" class=\"swiper-slide-image\" src=\"https:\/\/doggysport85.com\/wp-content\/uploads\/2025\/11\/1-819x1024.png\" alt=\"1\" \/><\/figure><\/div><div class=\"swiper-slide\" role=\"group\" aria-roledescription=\"slide\" aria-label=\"2 sur 9\"><figure class=\"swiper-slide-inner\"><img decoding=\"async\" class=\"swiper-slide-image\" src=\"https:\/\/doggysport85.com\/wp-content\/uploads\/2025\/11\/20241225_174430-1024x768.jpg\" alt=\"20241225_174430\" \/><\/figure><\/div><div class=\"swiper-slide\" role=\"group\" aria-roledescription=\"slide\" aria-label=\"3 sur 9\"><figure class=\"swiper-slide-inner\"><img decoding=\"async\" class=\"swiper-slide-image\" src=\"https:\/\/doggysport85.com\/wp-content\/uploads\/2025\/01\/IMG_20250104_092606-1024x768.jpg\" alt=\"IMG_20250104_092606\" \/><\/figure><\/div><div class=\"swiper-slide\" role=\"group\" aria-roledescription=\"slide\" aria-label=\"4 sur 9\"><figure class=\"swiper-slide-inner\"><img decoding=\"async\" class=\"swiper-slide-image\" src=\"https:\/\/doggysport85.com\/wp-content\/uploads\/2025\/11\/IMG_4153.jpg\" alt=\"IMG_4153\" \/><\/figure><\/div><div class=\"swiper-slide\" role=\"group\" aria-roledescription=\"slide\" aria-label=\"5 sur 9\"><figure class=\"swiper-slide-inner\"><img decoding=\"async\" class=\"swiper-slide-image\" src=\"https:\/\/doggysport85.com\/wp-content\/uploads\/2026\/01\/IMG-20251230-WA00151-1024x768.jpg\" alt=\"IMG-20251230-WA0015(1)\" \/><\/figure><\/div><div class=\"swiper-slide\" role=\"group\" aria-roledescription=\"slide\" aria-label=\"6 sur 9\"><figure class=\"swiper-slide-inner\"><img decoding=\"async\" class=\"swiper-slide-image\" src=\"https:\/\/doggysport85.com\/wp-content\/uploads\/2026\/01\/IMG-20260103-WA0009-732x1024.jpg\" alt=\"IMG-20260103-WA0009\" \/><\/figure><\/div><div class=\"swiper-slide\" role=\"group\" aria-roledescription=\"slide\" aria-label=\"7 sur 9\"><figure class=\"swiper-slide-inner\"><img decoding=\"async\" class=\"swiper-slide-image\" src=\"https:\/\/doggysport85.com\/wp-content\/uploads\/2026\/01\/IMG-20260103-WA0010-473x1024.jpg\" alt=\"IMG-20260103-WA0010\" \/><\/figure><\/div><div class=\"swiper-slide\" role=\"group\" aria-roledescription=\"slide\" aria-label=\"8 sur 9\"><figure class=\"swiper-slide-inner\"><img decoding=\"async\" class=\"swiper-slide-image\" src=\"https:\/\/doggysport85.com\/wp-content\/uploads\/2026\/01\/IMG-20260103-WA0018-471x1024.jpg\" alt=\"IMG-20260103-WA0018\" \/><\/figure><\/div><div class=\"swiper-slide\" role=\"group\" aria-roledescription=\"slide\" aria-label=\"9 sur 9\"><figure class=\"swiper-slide-inner\"><img decoding=\"async\" class=\"swiper-slide-image\" src=\"https:\/\/doggysport85.com\/wp-content\/uploads\/2026\/01\/IMG-20260103-WA0021-473x1024.jpg\" alt=\"IMG-20260103-WA0021\" \/><\/figure><\/div>\t\t\t<\/div>\n\t\t\t\t\t\t\t\t\t\t\t\t<div class=\"elementor-swiper-button elementor-swiper-button-prev\" role=\"button\" tabindex=\"0\">\n\t\t\t\t\t\t<svg aria-hidden=\"true\" class=\"e-font-icon-svg e-eicon-chevron-left\" viewBox=\"0 0 1000 1000\" xmlns=\"http:\/\/www.w3.org\/2000\/svg\"><path d=\"M646 125C629 125 613 133 604 142L308 442C296 454 292 471 292 487 292 504 296 521 308 533L604 854C617 867 629 875 646 875 663 875 679 871 692 858 704 846 713 829 713 812 713 796 708 779 692 767L438 487 692 225C700 217 708 204 708 187 708 171 704 154 692 142 675 129 663 125 646 125Z\"><\/path><\/svg>\t\t\t\t\t<\/div>\n\t\t\t\t\t<div class=\"elementor-swiper-button elementor-swiper-button-next\" role=\"button\" tabindex=\"0\">\n\t\t\t\t\t\t<svg aria-hidden=\"true\" class=\"e-font-icon-svg e-eicon-chevron-right\" viewBox=\"0 0 1000 1000\" xmlns=\"http:\/\/www.w3.org\/2000\/svg\"><path d=\"M696 533C708 521 713 504 713 487 713 471 708 454 696 446L400 146C388 133 375 125 354 125 338 125 325 129 313 142 300 154 292 171 292 187 292 204 296 221 308 233L563 492 304 771C292 783 288 800 288 817 288 833 296 850 308 863 321 871 338 875 354 875 371 875 388 867 400 854L696 533Z\"><\/path><\/svg>\t\t\t\t\t<\/div>\n\t\t\t\t\n\t\t\t\t\t\t\t\t\t<div class=\"swiper-pagination\"><\/div>\n\t\t\t\t\t\t\t\t\t<\/div>\n\t\t\t\t\t\t<\/div>\n\t\t\t\t\t<\/div>\n\t\t\t\t<\/div>\n\t\t\t\t<\/div>\n\t\t","protected":false},"excerpt":{"rendered":"<p>Nous nous d\u00e9pla\u00e7ons en montagne pour assurer des bapt\u00eames sur neige. L\u00e0-bas, petits et grands peuvent se faire porter par les chiens de tra\u00eeneau et profiter pleinement des paysages enneig\u00e9s!!!Nous sommes durant les vacances de Noel &amp; F\u00e9vrier \u00e0 la station de ski de Camurac (Pyr\u00e9n\u00e9es Audoises) et vous proposons sur le domaine: Cani Randonn\u00e9e&#8230;<\/p>\n","protected":false},"author":1,"featured_media":0,"parent":0,"menu_order":0,"comment_status":"closed","ping_status":"closed","template":"","meta":{"_kadence_starter_templates_imported_post":false,"_kad_post_transparent":"","_kad_post_title":"","_kad_post_layout":"","_kad_post_sidebar_id":"","_kad_post_content_style":"","_kad_post_vertical_padding":"","_kad_post_feature":"","_kad_post_feature_position":"","_kad_post_header":false,"_kad_post_footer":false,"_kad_post_classname":"","footnotes":""},"class_list":["post-408","page","type-page","status-publish","hentry"],"_links":{"self":[{"href":"https:\/\/doggysport85.com\/index.php\/wp-json\/wp\/v2\/pages\/408","targetHints":{"allow":["GET"]}}],"collection":[{"href":"https:\/\/doggysport85.com\/index.php\/wp-json\/wp\/v2\/pages"}],"about":[{"href":"https:\/\/doggysport85.com\/index.php\/wp-json\/wp\/v2\/types\/page"}],"author":[{"embeddable":true,"href":"https:\/\/doggysport85.com\/index.php\/wp-json\/wp\/v2\/users\/1"}],"replies":[{"embeddable":true,"href":"https:\/\/doggysport85.com\/index.php\/wp-json\/wp\/v2\/comments?post=408"}],"version-history":[{"count":65,"href":"https:\/\/doggysport85.com\/index.php\/wp-json\/wp\/v2\/pages\/408\/revisions"}],"predecessor-version":[{"id":1178,"href":"https:\/\/doggysport85.com\/index.php\/wp-json\/wp\/v2\/pages\/408\/revisions\/1178"}],"wp:attachment":[{"href":"https:\/\/doggysport85.com\/index.php\/wp-json\/wp\/v2\/media?parent=408"}],"curies":[{"name":"wp","href":"https:\/\/api.w.org\/{rel}","templated":true}]}}